{"id":68,"date":"2019-10-09T15:32:54","date_gmt":"2019-10-09T18:32:54","guid":{"rendered":"https:\/\/snippet.com.ar\/2019\/?page_id=68"},"modified":"2024-05-15T12:02:09","modified_gmt":"2024-05-15T15:02:09","slug":"que-hacemos","status":"publish","type":"page","link":"https:\/\/snippet.com.ar\/es\/que-hacemos\/","title":{"rendered":"Qu\u00e9 hacemos"},"content":{"rendered":"<div id='pagetitle'  class='avia-section main_color avia-section-default avia-no-border-styling  av-parallax-section avia-bg-style-parallax  avia-builder-el-0  el_before_av_section  avia-builder-el-first   av-arrow-down-section container_wrap sidebar_right' style='background-color: #5b96ae;  '  data-section-bg-repeat='no-repeat'><div class='av-parallax' data-avia-parallax-ratio='0.3' ><div class='av-parallax-inner main_color  avia-full-stretch' style = 'background-color: #5b96ae; background-repeat: no-repeat; background-image: url(https:\/\/snippet.com.ar\/2019\/wp-content\/uploads\/2019\/10\/big-que-hacemos.jpg);background-attachment: scroll; background-position: center right; ' ><\/div><\/div><div class='container' ><main  role=\"main\" itemprop=\"mainContentOfPage\"  class='template-page content  av-content-small alpha units'><div class='post-entry post-entry-type-page post-entry-68'><div class='entry-content-wrapper clearfix'>\n<div class=\"flex_column av_one_full  av-animated-generic fade-in  flex_column_div av-zero-column-padding first  avia-builder-el-1  avia-builder-el-no-sibling  \" style='border-radius:0px; '><section class=\"av_textblock_section \"  itemscope=\"itemscope\" itemtype=\"https:\/\/schema.org\/CreativeWork\" ><div class='avia_textblock  '   itemprop=\"text\" ><h1 style=\"text-align: center;\">Abordaje consultivo, Implementaci\u00f3n siguiendo est\u00e1ndares de calidad, Reporting Real-Time y Medici\u00f3n <strong>future-proof<\/strong>.<\/h1>\n<\/div><\/section><\/div><\/div><\/div><\/main><!-- close content main element --><\/div><div class='av-extra-border-element border-extra-arrow-down'><div class='av-extra-border-outer'><div class='av-extra-border-inner'  style='background-color:#5b96ae;' ><\/div><\/div><\/div><\/div><div id='av_section_2'  class='avia-section main_color avia-section-no-padding avia-no-border-styling  avia-bg-style-scroll  avia-builder-el-3  el_after_av_section  el_before_av_section   av-arrow-down-section container_wrap sidebar_right' style='background-color: #f9f9f9;  '  ><div class='container' ><div class='template-page content  av-content-small alpha units'><div class='post-entry post-entry-type-page post-entry-68'><div class='entry-content-wrapper clearfix'>\n<div  style='height:50px' class='hr hr-invisible   avia-builder-el-4  el_before_av_two_fifth  avia-builder-el-first '><span class='hr-inner ' ><span class='hr-inner-style'><\/span><\/span><\/div>\n<div class=\"flex_column av_two_fifth  av-animated-generic left-to-right  no_margin flex_column_div av-zero-column-padding first  avia-builder-el-5  el_after_av_hr  el_before_av_one_fifth  \" style='border-radius:0px; '><div  class='avia-image-container  av-styling-no-styling    avia-builder-el-6  avia-builder-el-no-sibling  avia-align-center '  itemprop=\"image\" itemscope=\"itemscope\" itemtype=\"https:\/\/schema.org\/ImageObject\"  ><div class='avia-image-container-inner'><div class='avia-image-overlay-wrap'><img decoding=\"async\" class='wp-image-208 avia-img-lazy-loading-not-208 avia_image' src=\"https:\/\/snippet.com.ar\/2019\/wp-content\/uploads\/2019\/10\/performance.png\" alt='' title='Performance' height=\"795\" width=\"615\"  itemprop=\"thumbnailUrl\" srcset=\"https:\/\/snippet.com.ar\/2019\/wp-content\/uploads\/2019\/10\/performance.png 615w, https:\/\/snippet.com.ar\/2019\/wp-content\/uploads\/2019\/10\/performance-232x300.png 232w, https:\/\/snippet.com.ar\/2019\/wp-content\/uploads\/2019\/10\/performance-545x705.png 545w\" sizes=\"(max-width: 615px) 100vw, 615px\" \/><\/div><\/div><\/div><\/div><div class=\"flex_column av_one_fifth  av-animated-generic fade-in  no_margin flex_column_div   avia-builder-el-7  el_after_av_two_fifth  el_before_av_two_fifth  \" style='padding:30px 0px 0px 0px ; border-radius:0px; '><p><div  style='height:144px' class='hr hr-invisible  av-small-hide av-mini-hide  avia-builder-el-8  el_before_av_image  avia-builder-el-first '><span class='hr-inner ' ><span class='hr-inner-style'><\/span><\/span><\/div><br \/>\n<div  class='avia-image-container  av-styling-no-styling    avia-builder-el-9  el_after_av_hr  avia-builder-el-last  avia-align-center '  itemprop=\"image\" itemscope=\"itemscope\" itemtype=\"https:\/\/schema.org\/ImageObject\"  ><div class='avia-image-container-inner'><div class='avia-image-overlay-wrap'><img decoding=\"async\" class='wp-image-604 avia-img-lazy-loading-not-604 avia_image' src=\"https:\/\/snippet.com.ar\/2019\/wp-content\/uploads\/2021\/05\/snippet-iso-300x300.png\" alt='' title='snippet-iso' height=\"300\" width=\"300\"  itemprop=\"thumbnailUrl\" srcset=\"https:\/\/snippet.com.ar\/2019\/wp-content\/uploads\/2021\/05\/snippet-iso-300x300.png 300w, https:\/\/snippet.com.ar\/2019\/wp-content\/uploads\/2021\/05\/snippet-iso-80x80.png 80w, https:\/\/snippet.com.ar\/2019\/wp-content\/uploads\/2021\/05\/snippet-iso-36x36.png 36w, https:\/\/snippet.com.ar\/2019\/wp-content\/uploads\/2021\/05\/snippet-iso-180x180.png 180w, https:\/\/snippet.com.ar\/2019\/wp-content\/uploads\/2021\/05\/snippet-iso.png 346w\" sizes=\"(max-width: 300px) 100vw, 300px\" \/><\/div><\/div><\/div><\/p><\/div><div class=\"flex_column av_two_fifth  av-animated-generic right-to-left  no_margin flex_column_div av-zero-column-padding   avia-builder-el-10  el_after_av_one_fifth  avia-builder-el-last  \" style='border-radius:0px; '><div  class='avia-image-container  av-styling-no-styling    avia-builder-el-11  avia-builder-el-no-sibling  avia-align-center '  itemprop=\"image\" itemscope=\"itemscope\" itemtype=\"https:\/\/schema.org\/ImageObject\"  ><div class='avia-image-container-inner'><div class='avia-image-overlay-wrap'><img decoding=\"async\" class='wp-image-261 avia-img-lazy-loading-not-261 avia_image' src=\"https:\/\/snippet.com.ar\/2019\/wp-content\/uploads\/2019\/10\/branding-1.png\" alt='' title='branding' height=\"794\" width=\"614\"  itemprop=\"thumbnailUrl\" srcset=\"https:\/\/snippet.com.ar\/2019\/wp-content\/uploads\/2019\/10\/branding-1.png 614w, https:\/\/snippet.com.ar\/2019\/wp-content\/uploads\/2019\/10\/branding-1-232x300.png 232w, https:\/\/snippet.com.ar\/2019\/wp-content\/uploads\/2019\/10\/branding-1-545x705.png 545w\" sizes=\"(max-width: 614px) 100vw, 614px\" \/><\/div><\/div><\/div><\/div>\n<\/p>\n<\/div><\/div><\/div><!-- close content main div --><\/div><div class='av-extra-border-element border-extra-arrow-down'><div class='av-extra-border-outer'><div class='av-extra-border-inner'  style='background-color:#f9f9f9;' ><\/div><\/div><\/div><\/div><div id='hacemos'  class='avia-section main_color avia-section-huge avia-no-border-styling  avia-bg-style-scroll  avia-builder-el-12  el_after_av_section  avia-builder-el-last   av-arrow-down-section container_wrap sidebar_right' style='background-color: #ffffff;  '  ><div class='container' ><div class='template-page content  av-content-small alpha units'><div class='post-entry post-entry-type-page post-entry-68'><div class='entry-content-wrapper clearfix'>\n<section class=\"av_textblock_section \"  itemscope=\"itemscope\" itemtype=\"https:\/\/schema.org\/CreativeWork\" ><div class='avia_textblock  '   itemprop=\"text\" ><h2 style=\"text-align: center;\">Una f\u00f3rmula de 3 pasos<\/h2>\n<\/div><\/section>\n<div  style='height:50px' class='hr hr-invisible   avia-builder-el-14  el_after_av_textblock  el_before_av_one_third '><span class='hr-inner ' ><span class='hr-inner-style'><\/span><\/span><\/div>\n<div class=\"flex_column av_one_third  av-animated-generic left-to-right  flex_column_div first  avia-builder-el-15  el_after_av_hr  el_before_av_one_third  colectar \" style='padding:0px 0px 20px 0px ; border-radius:0px; '><p><div  class='avia-image-container  av-styling-no-styling    avia-builder-el-16  el_before_av_textblock  avia-builder-el-first  colectar avia-align-center '  itemprop=\"image\" itemscope=\"itemscope\" itemtype=\"https:\/\/schema.org\/ImageObject\"  ><div class='avia-image-container-inner'><div class='avia-image-overlay-wrap'><img decoding=\"async\" class='wp-image-343 avia-img-lazy-loading-not-343 avia_image' src=\"https:\/\/snippet.com.ar\/2019\/wp-content\/uploads\/2019\/10\/colectar.svg\" alt='' title='Colectar' height=\"122\" width=\"122\"  itemprop=\"thumbnailUrl\"  \/><\/div><\/div><\/div><br \/>\n<section class=\"av_textblock_section \"  itemscope=\"itemscope\" itemtype=\"https:\/\/schema.org\/CreativeWork\" ><div class='avia_textblock  '   itemprop=\"text\" ><h4 style=\"text-align: center;\"><span style=\"color: #6cc0b6;\">COLECTAR<\/span><\/h4>\n<p style=\"text-align: center;\">Recolectamos todos los datos de usuarios de distintos data sources: App, Website, CRM, Offline Data, Email, Search, Display y YouTube.<\/p>\n<\/div><\/section><\/p><\/div><div class=\"flex_column av_one_third  av-animated-generic bottom-to-top  flex_column_div   avia-builder-el-18  el_after_av_one_third  el_before_av_one_third  analizar \" style='padding:0px 0px 20px 0px ; border-radius:0px; '><p><div  class='avia-image-container  av-styling-no-styling    avia-builder-el-19  el_before_av_textblock  avia-builder-el-first  analizar avia-align-center '  itemprop=\"image\" itemscope=\"itemscope\" itemtype=\"https:\/\/schema.org\/ImageObject\"  ><div class='avia-image-container-inner'><div class='avia-image-overlay-wrap'><img decoding=\"async\" class='wp-image-342 avia-img-lazy-loading-not-342 avia_image' src=\"https:\/\/snippet.com.ar\/2019\/wp-content\/uploads\/2019\/10\/entender.svg\" alt='' title='Entender' height=\"122\" width=\"122\"  itemprop=\"thumbnailUrl\"  \/><\/div><\/div><\/div><br \/>\n<section class=\"av_textblock_section \"  itemscope=\"itemscope\" itemtype=\"https:\/\/schema.org\/CreativeWork\" ><div class='avia_textblock  '   itemprop=\"text\" ><h4 style=\"text-align: center;\"><span style=\"color: #60a1b0;\">ENTENDER<\/span><\/h4>\n<p style=\"text-align: center;\">Procesamos y visualizamos oportunidades. Identificamos patrones y determinamos los pasos a seguir.<\/p>\n<\/div><\/section><\/p><\/div><div class=\"flex_column av_one_third  av-animated-generic right-to-left  flex_column_div av-zero-column-padding   avia-builder-el-21  el_after_av_one_third  avia-builder-el-last  activar \" style='border-radius:0px; '><p><div  class='avia-image-container  av-styling-no-styling    avia-builder-el-22  el_before_av_textblock  avia-builder-el-first  activar avia-align-center '  itemprop=\"image\" itemscope=\"itemscope\" itemtype=\"https:\/\/schema.org\/ImageObject\"  ><div class='avia-image-container-inner'><div class='avia-image-overlay-wrap'><img decoding=\"async\" class='wp-image-344 avia-img-lazy-loading-not-344 avia_image' src=\"https:\/\/snippet.com.ar\/2019\/wp-content\/uploads\/2019\/10\/ejecutar.svg\" alt='' title='Ejecutar' height=\"122\" width=\"122\"  itemprop=\"thumbnailUrl\"  \/><\/div><\/div><\/div><br \/>\n<section class=\"av_textblock_section \"  itemscope=\"itemscope\" itemtype=\"https:\/\/schema.org\/CreativeWork\" ><div class='avia_textblock  '   itemprop=\"text\" ><h4 style=\"text-align: center;\"><span style=\"color: #4a69a4;\">EJECUTAR<\/span><\/h4>\n<p style=\"text-align: center;\">Activamos las acciones apoyados en la potencia de la informaci\u00f3n.<\/p>\n<\/div><\/section><\/p><\/div>\n<\/div><\/div><\/div><!-- close content main div --><\/div><div class='av-extra-border-element border-extra-arrow-down'><div class='av-extra-border-outer'><div class='av-extra-border-inner'  style='background-color:#ffffff;' ><\/div><\/div><\/div><\/div><div id='after_section_3'  class='main_color av_default_container_wrap container_wrap sidebar_right' style=' '  ><div class='container' ><div class='template-page content  av-content-small alpha units'><div class='post-entry post-entry-type-page post-entry-68'><div class='entry-content-wrapper clearfix'>\n","protected":false},"excerpt":{"rendered":"","protected":false},"author":1,"featured_media":0,"parent":0,"menu_order":1,"comment_status":"closed","ping_status":"closed","template":"","meta":{"footnotes":""},"class_list":["post-68","page","type-page","status-publish","hentry"],"yoast_head":"<!-- This site is optimized with the Yoast SEO plugin v27.5 - https:\/\/yoast.com\/product\/yoast-seo-wordpress\/ -->\n<title>Qu\u00e9 hacemos - Snippet<\/title>\n<meta name=\"robots\" content=\"index, follow, max-snippet:-1, max-image-preview:large, max-video-preview:-1\" \/>\n<link rel=\"canonical\" href=\"https:\/\/snippet.com.ar\/es\/que-hacemos\/\" \/>\n<meta property=\"og:locale\" content=\"es_ES\" \/>\n<meta property=\"og:type\" content=\"article\" \/>\n<meta property=\"og:title\" content=\"Qu\u00e9 hacemos - Snippet\" \/>\n<meta property=\"og:url\" content=\"https:\/\/snippet.com.ar\/es\/que-hacemos\/\" \/>\n<meta property=\"og:site_name\" content=\"Snippet\" \/>\n<meta property=\"article:modified_time\" content=\"2024-05-15T15:02:09+00:00\" \/>\n<meta name=\"twitter:card\" content=\"summary_large_image\" \/>\n<meta name=\"twitter:label1\" content=\"Tiempo de lectura\" \/>\n\t<meta name=\"twitter:data1\" content=\"10 minutos\" \/>\n<script type=\"application\/ld+json\" class=\"yoast-schema-graph\">{\"@context\":\"https:\\\/\\\/schema.org\",\"@graph\":[{\"@type\":\"WebPage\",\"@id\":\"https:\\\/\\\/snippet.com.ar\\\/es\\\/que-hacemos\\\/\",\"url\":\"https:\\\/\\\/snippet.com.ar\\\/es\\\/que-hacemos\\\/\",\"name\":\"Qu\u00e9 hacemos - Snippet\",\"isPartOf\":{\"@id\":\"https:\\\/\\\/snippet.com.ar\\\/es\\\/#website\"},\"datePublished\":\"2019-10-09T18:32:54+00:00\",\"dateModified\":\"2024-05-15T15:02:09+00:00\",\"breadcrumb\":{\"@id\":\"https:\\\/\\\/snippet.com.ar\\\/es\\\/que-hacemos\\\/#breadcrumb\"},\"inLanguage\":\"es\",\"potentialAction\":[{\"@type\":\"ReadAction\",\"target\":[\"https:\\\/\\\/snippet.com.ar\\\/es\\\/que-hacemos\\\/\"]}]},{\"@type\":\"BreadcrumbList\",\"@id\":\"https:\\\/\\\/snippet.com.ar\\\/es\\\/que-hacemos\\\/#breadcrumb\",\"itemListElement\":[{\"@type\":\"ListItem\",\"position\":1,\"name\":\"Portada\",\"item\":\"https:\\\/\\\/snippet.com.ar\\\/es\\\/\"},{\"@type\":\"ListItem\",\"position\":2,\"name\":\"Qu\u00e9 hacemos\"}]},{\"@type\":\"WebSite\",\"@id\":\"https:\\\/\\\/snippet.com.ar\\\/es\\\/#website\",\"url\":\"https:\\\/\\\/snippet.com.ar\\\/es\\\/\",\"name\":\"Snippet\",\"description\":\"\",\"potentialAction\":[{\"@type\":\"SearchAction\",\"target\":{\"@type\":\"EntryPoint\",\"urlTemplate\":\"https:\\\/\\\/snippet.com.ar\\\/es\\\/?s={search_term_string}\"},\"query-input\":{\"@type\":\"PropertyValueSpecification\",\"valueRequired\":true,\"valueName\":\"search_term_string\"}}],\"inLanguage\":\"es\"}]}<\/script>\n<!-- \/ Yoast SEO plugin. -->","yoast_head_json":{"title":"Qu\u00e9 hacemos - Snippet","robots":{"index":"index","follow":"follow","max-snippet":"max-snippet:-1","max-image-preview":"max-image-preview:large","max-video-preview":"max-video-preview:-1"},"canonical":"https:\/\/snippet.com.ar\/es\/que-hacemos\/","og_locale":"es_ES","og_type":"article","og_title":"Qu\u00e9 hacemos - Snippet","og_url":"https:\/\/snippet.com.ar\/es\/que-hacemos\/","og_site_name":"Snippet","article_modified_time":"2024-05-15T15:02:09+00:00","twitter_card":"summary_large_image","twitter_misc":{"Tiempo de lectura":"10 minutos"},"schema":{"@context":"https:\/\/schema.org","@graph":[{"@type":"WebPage","@id":"https:\/\/snippet.com.ar\/es\/que-hacemos\/","url":"https:\/\/snippet.com.ar\/es\/que-hacemos\/","name":"Qu\u00e9 hacemos - Snippet","isPartOf":{"@id":"https:\/\/snippet.com.ar\/es\/#website"},"datePublished":"2019-10-09T18:32:54+00:00","dateModified":"2024-05-15T15:02:09+00:00","breadcrumb":{"@id":"https:\/\/snippet.com.ar\/es\/que-hacemos\/#breadcrumb"},"inLanguage":"es","potentialAction":[{"@type":"ReadAction","target":["https:\/\/snippet.com.ar\/es\/que-hacemos\/"]}]},{"@type":"BreadcrumbList","@id":"https:\/\/snippet.com.ar\/es\/que-hacemos\/#breadcrumb","itemListElement":[{"@type":"ListItem","position":1,"name":"Portada","item":"https:\/\/snippet.com.ar\/es\/"},{"@type":"ListItem","position":2,"name":"Qu\u00e9 hacemos"}]},{"@type":"WebSite","@id":"https:\/\/snippet.com.ar\/es\/#website","url":"https:\/\/snippet.com.ar\/es\/","name":"Snippet","description":"","potentialAction":[{"@type":"SearchAction","target":{"@type":"EntryPoint","urlTemplate":"https:\/\/snippet.com.ar\/es\/?s={search_term_string}"},"query-input":{"@type":"PropertyValueSpecification","valueRequired":true,"valueName":"search_term_string"}}],"inLanguage":"es"}]}},"_links":{"self":[{"href":"https:\/\/snippet.com.ar\/es\/wp-json\/wp\/v2\/pages\/68","targetHints":{"allow":["GET"]}}],"collection":[{"href":"https:\/\/snippet.com.ar\/es\/wp-json\/wp\/v2\/pages"}],"about":[{"href":"https:\/\/snippet.com.ar\/es\/wp-json\/wp\/v2\/types\/page"}],"author":[{"embeddable":true,"href":"https:\/\/snippet.com.ar\/es\/wp-json\/wp\/v2\/users\/1"}],"replies":[{"embeddable":true,"href":"https:\/\/snippet.com.ar\/es\/wp-json\/wp\/v2\/comments?post=68"}],"version-history":[{"count":56,"href":"https:\/\/snippet.com.ar\/es\/wp-json\/wp\/v2\/pages\/68\/revisions"}],"predecessor-version":[{"id":785,"href":"https:\/\/snippet.com.ar\/es\/wp-json\/wp\/v2\/pages\/68\/revisions\/785"}],"wp:attachment":[{"href":"https:\/\/snippet.com.ar\/es\/wp-json\/wp\/v2\/media?parent=68"}],"curies":[{"name":"wp","href":"https:\/\/api.w.org\/{rel}","templated":true}]}}