{"id":674,"date":"2021-06-15T07:37:24","date_gmt":"2021-06-15T10:37:24","guid":{"rendered":"https:\/\/snippet.com.ar\/?page_id=674"},"modified":"2021-06-16T13:19:40","modified_gmt":"2021-06-16T16:19:40","slug":"blog","status":"publish","type":"page","link":"https:\/\/snippet.com.ar\/es\/blog\/","title":{"rendered":"Blog"},"content":{"rendered":"<div id='pagetitle'  class='avia-section main_color avia-section-default avia-no-border-styling  av-parallax-section avia-bg-style-parallax  avia-builder-el-0  el_before_av_one_full  avia-builder-el-first   av-arrow-down-section container_wrap sidebar_right' style='background-color: #5b96ae;  '  data-section-bg-repeat='no-repeat'><div class='av-parallax' data-avia-parallax-ratio='0.3' ><div class='av-parallax-inner main_color  avia-full-stretch' style = 'background-color: #5b96ae; background-repeat: no-repeat; background-image: url(https:\/\/snippet.com.ar\/2019\/wp-content\/uploads\/2021\/06\/bg-blog.jpg);background-attachment: scroll; background-position: center right; ' ><\/div><\/div><div class='container' ><main  role=\"main\" itemprop=\"mainContentOfPage\"  class='template-page content  av-content-small alpha units'><div class='post-entry post-entry-type-page post-entry-674'><div class='entry-content-wrapper clearfix'>\n<div class=\"flex_column av_one_full  av-animated-generic fade-in  flex_column_div av-zero-column-padding first  avia-builder-el-1  avia-builder-el-no-sibling  \" style='border-radius:0px; '><section class=\"av_textblock_section \"  itemscope=\"itemscope\" itemtype=\"https:\/\/schema.org\/CreativeWork\" ><div class='avia_textblock  '   itemprop=\"text\" ><h1 style=\"text-align: center;\">Novedades<\/h1>\n<\/div><\/section><\/div>\n<\/div><\/div><\/main><!-- close content main element --><\/div><div class='av-extra-border-element border-extra-arrow-down'><div class='av-extra-border-outer'><div class='av-extra-border-inner'  style='background-color:#5b96ae;' ><\/div><\/div><\/div><\/div><div id='after_section_1'  class='main_color av_default_container_wrap container_wrap sidebar_right' style=' '  ><div class='container' ><div class='template-page content  av-content-small alpha units'><div class='post-entry post-entry-type-page post-entry-674'><div class='entry-content-wrapper clearfix'>\n<div class=\"flex_column av_one_full  flex_column_div av-zero-column-padding first  avia-builder-el-3  el_after_av_section  avia-builder-el-no-sibling  \" style='border-radius:0px; '><div  class='av-alb-blogposts template-blog  '  itemscope=\"itemscope\" itemtype=\"https:\/\/schema.org\/Blog\" ><article class='post-entry post-entry-type-standard post-entry-719 post-loop-1 post-parity-odd post-entry-last single-big  post-719 post type-post status-publish format-standard hentry category-novedades'  itemscope=\"itemscope\" itemtype=\"https:\/\/schema.org\/BlogPosting\" ><div class='blog-meta'><\/div><div class='entry-content-wrapper clearfix standard-content'><header class=\"entry-content-header\"><h2 class='post-title entry-title '  itemprop=\"headline\" ><a href='https:\/\/snippet.com.ar\/es\/bienvenido-openbank\/' rel='bookmark' title='Enlace permanente: SNIPPET FUE ELEGIDA POR OPENBANK COMO SU AGENCIA DIGITAL EN ARGENTINA'>SNIPPET FUE ELEGIDA POR OPENBANK COMO SU AGENCIA DIGITAL EN ARGENTINA<span class='post-format-icon minor-meta'><\/span><\/a><\/h2><span class='post-meta-infos'><time class='date-container minor-meta updated' >25 de junio de 2021<\/time><span class='text-sep text-sep-date'>\/<\/span><span class=\"blog-categories minor-meta\">en <a href=\"https:\/\/snippet.com.ar\/es\/category\/novedades\/\" rel=\"tag\">Novedades<\/a> <\/span><span class=\"text-sep text-sep-cat\">\/<\/span><span class=\"blog-author minor-meta\">por <span class=\"entry-author-link\"  itemprop=\"author\" ><span class=\"author\"><span class=\"fn\"><a href=\"https:\/\/snippet.com.ar\/es\/author\/natalia\/\" title=\"Entradas de Natalia\" rel=\"author\">Natalia<\/a><\/span><\/span><\/span><\/span><\/span><\/header><div class=\"entry-content\"  itemprop=\"text\" ><p>El desembarco en la regi\u00f3n de Openbank, el banco digital m\u00e1s grande de Europa se hace cada vez m\u00e1s tangible. M\u00e9xico y Argentina fueron los pa\u00edses elegidos para empezar operaciones y para el caso de Argentina, la elecci\u00f3n de Snippet como su agencia de Marketing Digital le termina de dar forma a la llegada de [&hellip;]<\/p>\n<div class=\"read-more-link\"><a href=\"https:\/\/snippet.com.ar\/es\/bienvenido-openbank\/\" class=\"more-link\">Leer m\u00e1s<span class=\"more-link-arrow\"><\/span><\/a><\/div>\n<\/div><footer class=\"entry-footer\"><\/footer><div class='post_delimiter'><\/div><\/div><div class='post_author_timeline'><\/div><span class='hidden'>\n\t\t\t\t<span class='av-structured-data'  itemprop=\"image\" itemscope=\"itemscope\" itemtype=\"https:\/\/schema.org\/ImageObject\" >\n\t\t\t\t\t\t<span itemprop='url'>https:\/\/snippet.com.ar\/2019\/wp-content\/uploads\/2019\/10\/snippet-logo-color.svg<\/span>\n\t\t\t\t\t\t<span itemprop='height'>0<\/span>\n\t\t\t\t\t\t<span itemprop='width'>0<\/span>\n\t\t\t\t<\/span>\n\t\t\t\t<span class='av-structured-data'  itemprop=\"publisher\" itemtype=\"https:\/\/schema.org\/Organization\" itemscope=\"itemscope\" >\n\t\t\t\t\t\t<span itemprop='name'>Natalia<\/span>\n\t\t\t\t\t\t<span itemprop='logo' itemscope itemtype='https:\/\/schema.org\/ImageObject'>\n\t\t\t\t\t\t\t<span itemprop='url'>https:\/\/snippet.com.ar\/2019\/wp-content\/uploads\/2019\/10\/snippet-logo-color.svg<\/span>\n\t\t\t\t\t\t <\/span>\n\t\t\t\t<\/span><span class='av-structured-data'  itemprop=\"author\" itemscope=\"itemscope\" itemtype=\"https:\/\/schema.org\/Person\" ><span itemprop='name'>Natalia<\/span><\/span><span class='av-structured-data'  itemprop=\"datePublished\" datetime=\"2021-06-25T18:33:27-03:00\" >2021-06-25 18:33:27<\/span><span class='av-structured-data'  itemprop=\"dateModified\" itemtype=\"https:\/\/schema.org\/dateModified\" >2024-05-15 12:10:23<\/span><span class='av-structured-data'  itemprop=\"mainEntityOfPage\" itemtype=\"https:\/\/schema.org\/mainEntityOfPage\" ><span itemprop='name'>SNIPPET FUE ELEGIDA POR OPENBANK COMO SU AGENCIA DIGITAL EN ARGENTINA<\/span><\/span><\/span><\/article><div class='single-big'><\/div><\/div><\/div>\n","protected":false},"excerpt":{"rendered":"","protected":false},"author":2,"featured_media":0,"parent":0,"menu_order":0,"comment_status":"closed","ping_status":"closed","template":"","meta":{"footnotes":""},"class_list":["post-674","page","type-page","status-publish","hentry"],"yoast_head":"<!-- This site is optimized with the Yoast SEO plugin v27.5 - https:\/\/yoast.com\/product\/yoast-seo-wordpress\/ -->\n<title>Blog - Snippet<\/title>\n<meta name=\"robots\" content=\"index, follow, max-snippet:-1, max-image-preview:large, max-video-preview:-1\" \/>\n<link rel=\"canonical\" href=\"https:\/\/snippet.com.ar\/es\/blog\/\" \/>\n<meta property=\"og:locale\" content=\"es_ES\" \/>\n<meta property=\"og:type\" content=\"article\" \/>\n<meta property=\"og:title\" content=\"Blog - Snippet\" \/>\n<meta property=\"og:url\" content=\"https:\/\/snippet.com.ar\/es\/blog\/\" \/>\n<meta property=\"og:site_name\" content=\"Snippet\" \/>\n<meta property=\"article:modified_time\" content=\"2021-06-16T16:19:40+00:00\" \/>\n<meta name=\"twitter:card\" content=\"summary_large_image\" \/>\n<meta name=\"twitter:label1\" content=\"Tiempo de lectura\" \/>\n\t<meta name=\"twitter:data1\" content=\"3 minutos\" \/>\n<script type=\"application\/ld+json\" class=\"yoast-schema-graph\">{\"@context\":\"https:\\\/\\\/schema.org\",\"@graph\":[{\"@type\":\"WebPage\",\"@id\":\"https:\\\/\\\/snippet.com.ar\\\/es\\\/blog\\\/\",\"url\":\"https:\\\/\\\/snippet.com.ar\\\/es\\\/blog\\\/\",\"name\":\"Blog - Snippet\",\"isPartOf\":{\"@id\":\"https:\\\/\\\/snippet.com.ar\\\/es\\\/#website\"},\"datePublished\":\"2021-06-15T10:37:24+00:00\",\"dateModified\":\"2021-06-16T16:19:40+00:00\",\"breadcrumb\":{\"@id\":\"https:\\\/\\\/snippet.com.ar\\\/es\\\/blog\\\/#breadcrumb\"},\"inLanguage\":\"es\",\"potentialAction\":[{\"@type\":\"ReadAction\",\"target\":[\"https:\\\/\\\/snippet.com.ar\\\/es\\\/blog\\\/\"]}]},{\"@type\":\"BreadcrumbList\",\"@id\":\"https:\\\/\\\/snippet.com.ar\\\/es\\\/blog\\\/#breadcrumb\",\"itemListElement\":[{\"@type\":\"ListItem\",\"position\":1,\"name\":\"Portada\",\"item\":\"https:\\\/\\\/snippet.com.ar\\\/es\\\/\"},{\"@type\":\"ListItem\",\"position\":2,\"name\":\"Blog\"}]},{\"@type\":\"WebSite\",\"@id\":\"https:\\\/\\\/snippet.com.ar\\\/es\\\/#website\",\"url\":\"https:\\\/\\\/snippet.com.ar\\\/es\\\/\",\"name\":\"Snippet\",\"description\":\"\",\"potentialAction\":[{\"@type\":\"SearchAction\",\"target\":{\"@type\":\"EntryPoint\",\"urlTemplate\":\"https:\\\/\\\/snippet.com.ar\\\/es\\\/?s={search_term_string}\"},\"query-input\":{\"@type\":\"PropertyValueSpecification\",\"valueRequired\":true,\"valueName\":\"search_term_string\"}}],\"inLanguage\":\"es\"}]}<\/script>\n<!-- \/ Yoast SEO plugin. -->","yoast_head_json":{"title":"Blog - Snippet","robots":{"index":"index","follow":"follow","max-snippet":"max-snippet:-1","max-image-preview":"max-image-preview:large","max-video-preview":"max-video-preview:-1"},"canonical":"https:\/\/snippet.com.ar\/es\/blog\/","og_locale":"es_ES","og_type":"article","og_title":"Blog - Snippet","og_url":"https:\/\/snippet.com.ar\/es\/blog\/","og_site_name":"Snippet","article_modified_time":"2021-06-16T16:19:40+00:00","twitter_card":"summary_large_image","twitter_misc":{"Tiempo de lectura":"3 minutos"},"schema":{"@context":"https:\/\/schema.org","@graph":[{"@type":"WebPage","@id":"https:\/\/snippet.com.ar\/es\/blog\/","url":"https:\/\/snippet.com.ar\/es\/blog\/","name":"Blog - Snippet","isPartOf":{"@id":"https:\/\/snippet.com.ar\/es\/#website"},"datePublished":"2021-06-15T10:37:24+00:00","dateModified":"2021-06-16T16:19:40+00:00","breadcrumb":{"@id":"https:\/\/snippet.com.ar\/es\/blog\/#breadcrumb"},"inLanguage":"es","potentialAction":[{"@type":"ReadAction","target":["https:\/\/snippet.com.ar\/es\/blog\/"]}]},{"@type":"BreadcrumbList","@id":"https:\/\/snippet.com.ar\/es\/blog\/#breadcrumb","itemListElement":[{"@type":"ListItem","position":1,"name":"Portada","item":"https:\/\/snippet.com.ar\/es\/"},{"@type":"ListItem","position":2,"name":"Blog"}]},{"@type":"WebSite","@id":"https:\/\/snippet.com.ar\/es\/#website","url":"https:\/\/snippet.com.ar\/es\/","name":"Snippet","description":"","potentialAction":[{"@type":"SearchAction","target":{"@type":"EntryPoint","urlTemplate":"https:\/\/snippet.com.ar\/es\/?s={search_term_string}"},"query-input":{"@type":"PropertyValueSpecification","valueRequired":true,"valueName":"search_term_string"}}],"inLanguage":"es"}]}},"_links":{"self":[{"href":"https:\/\/snippet.com.ar\/es\/wp-json\/wp\/v2\/pages\/674","targetHints":{"allow":["GET"]}}],"collection":[{"href":"https:\/\/snippet.com.ar\/es\/wp-json\/wp\/v2\/pages"}],"about":[{"href":"https:\/\/snippet.com.ar\/es\/wp-json\/wp\/v2\/types\/page"}],"author":[{"embeddable":true,"href":"https:\/\/snippet.com.ar\/es\/wp-json\/wp\/v2\/users\/2"}],"replies":[{"embeddable":true,"href":"https:\/\/snippet.com.ar\/es\/wp-json\/wp\/v2\/comments?post=674"}],"version-history":[{"count":13,"href":"https:\/\/snippet.com.ar\/es\/wp-json\/wp\/v2\/pages\/674\/revisions"}],"predecessor-version":[{"id":710,"href":"https:\/\/snippet.com.ar\/es\/wp-json\/wp\/v2\/pages\/674\/revisions\/710"}],"wp:attachment":[{"href":"https:\/\/snippet.com.ar\/es\/wp-json\/wp\/v2\/media?parent=674"}],"curies":[{"name":"wp","href":"https:\/\/api.w.org\/{rel}","templated":true}]}}